{"id":854,"date":"2021-02-15T20:57:52","date_gmt":"2021-02-15T19:57:52","guid":{"rendered":"http:\/\/www.ldanse.fr\/?page_id=854"},"modified":"2021-02-15T20:57:52","modified_gmt":"2021-02-15T19:57:52","slug":"synthese-des-derniers-ca","status":"publish","type":"page","link":"https:\/\/www.ldanse.fr\/?page_id=854","title":{"rendered":"Synth\u00e8se des derniers CA"},"content":{"rendered":"\n<h2 class=\"wp-block-heading\"><strong><span class=\"has-inline-color has-blue-color\">CA du 13 f\u00e9vrier 2021<\/span><\/strong><\/h2>\n\n\n\n<ul class=\"wp-block-list\"><li><strong>Mesures li\u00e9es au couvre-feu:<\/strong> r\u00e9ajustement des horaires des cours enfants (les cours adultes \u00e9tant toujours suspendus). <ul><li>Le mercredi tous les cours sont avanc\u00e9s d&#8217;une heure<\/li><li>les cours du mardi d\u00e9but de soir\u00e9e sont d\u00e9plac\u00e9s au samedi \u00e0 la place du pilate.<\/li><\/ul><\/li><li><strong>Renouvellement du bureau:<\/strong> voir <a href=\"http:\/\/www.ldanse.fr\/?page_id=21\">http:\/\/www.ldanse.fr\/?page_id=21<\/a><\/li><li><strong>Organisation de l&#8217;AG<\/strong> pour la saison 2019-2020 qui aurait d\u00fb avoir lieu en novembre 2020. Vu les conditions sanitaires et afin de l&#8217;organiser au plus t\u00f4t nous d\u00e9cidons de recueillir les remarques, questions et autres suggestions aupr\u00e8s des adh\u00e9rents et de ne r\u00e9unir que les membres du CA le 20 mars.<\/li><li><strong>Gala<\/strong>: il n&#8217;aura pas lieu sous sa forme habituelle mais si la mairie l&#8217;autorise sous forme de d\u00e9monstration. <ul><li>Chaque groupe passerait sur sc\u00e8ne devant leurs parents en a\u00e9rant entre chaque groupe.<\/li><\/ul><\/li><li><strong>Pr\u00e9sentation du bilan financier.<\/strong> Nous remercions grandement les adh\u00e9rents qui n&#8217;ont pas pris le remboursement l&#8217;an dernier.Cette ann\u00e9e les finances ne nous permettront pas de rembourser les cours non effectu\u00e9s. <ul><li>H\u00e9l\u00e8ne rattrape les cours enfants non r\u00e9alis\u00e9s. <\/li><li>Pour les adultes nous sommes face \u00e0 2 situations:<ul><li>la Zumba: la prof \u00e9tant prestataire et non salari\u00e9e il ne lui est vers\u00e9e aucune r\u00e9mun\u00e9ration ou ch\u00f4mage partiel. Nous devons rembourser les cotisations au prorata.<\/li><li>La danse et le pilate \u00e9tant encadr\u00e9s par H\u00e9l\u00e8ne, salari\u00e9e de l&#8217;association, nous allons nous renseigner pour voir comment faire une reconnaissance de don aux adh\u00e9rents et un re\u00e7u fiscal<\/li><\/ul><\/li><li>Sinon vu que les paiements tardent \u00e0 \u00eatre complets nous d\u00e9cidons que l&#8217;an prochain nous laisserons jusqu&#8217;\u00e0 la Toussaint pour r\u00e9gler.<\/li><\/ul><\/li><\/ul>\n\n\n\n<h2 class=\"wp-block-heading\"><strong><span class=\"has-inline-color has-blue-color\">CA du 23 juin 2020<\/span><\/strong><\/h2>\n\n\n\n<ul class=\"wp-block-list\"><li><strong>Cons\u00e9quences de la crise du corona virus:<\/strong> d\u00e9cision prise de rembourser aux adh\u00e9rents la p\u00e9riode o\u00f9 les cours n&#8217;ont pas eu lieu. Plut\u00f4t par ch\u00e8que que par avoir pour des facilit\u00e9s d&#8217;organisation.<\/li><li><strong>Pr\u00e9paration de la rentr\u00e9e 2020-2021<\/strong>: reprise des cours le 21 septembre, date du gala le 12 juin et de l&#8217;AG de l&#8217;ann\u00e9e \u00e9coul\u00e9e le 20 novembre.<\/li><li><strong>Questions diverses:<\/strong> pr\u00e9voir l&#8217;achat de gel hydroalcoolique. Au pil\u00e2tes nous limiterons le nombre \u00e0 10 inscrits par cours en attendant d&#8217;avoir de nouvelles directives \u00e0 la rentr\u00e9e.<\/li><\/ul>\n\n\n\n<p><\/p>\n","protected":false},"excerpt":{"rendered":"<p>CA du 13 f\u00e9vrier 2021 Mesures li\u00e9es au couvre-feu: r\u00e9ajustement des horaires des cours enfants (les cours adultes \u00e9tant toujours suspendus). Le mercredi tous les cours sont avanc\u00e9s d&#8217;une heure les cours du mardi d\u00e9but de soir\u00e9e sont d\u00e9plac\u00e9s au &hellip; <a href=\"https:\/\/www.ldanse.fr\/?page_id=854\">Continuer la lecture <span class=\"meta-nav\">&rarr;<\/span><\/a><\/p>\n","protected":false},"author":410,"featured_media":0,"parent":0,"menu_order":0,"comment_status":"closed","ping_status":"closed","template":"","meta":{"footnotes":""},"class_list":["post-854","page","type-page","status-publish","hentry"],"_links":{"self":[{"href":"https:\/\/www.ldanse.fr\/index.php?rest_route=\/wp\/v2\/pages\/854"}],"collection":[{"href":"https:\/\/www.ldanse.fr\/index.php?rest_route=\/wp\/v2\/pages"}],"about":[{"href":"https:\/\/www.ldanse.fr\/index.php?rest_route=\/wp\/v2\/types\/page"}],"author":[{"embeddable":true,"href":"https:\/\/www.ldanse.fr\/index.php?rest_route=\/wp\/v2\/users\/410"}],"replies":[{"embeddable":true,"href":"https:\/\/www.ldanse.fr\/index.php?rest_route=%2Fwp%2Fv2%2Fcomments&post=854"}],"version-history":[{"count":4,"href":"https:\/\/www.ldanse.fr\/index.php?rest_route=\/wp\/v2\/pages\/854\/revisions"}],"predecessor-version":[{"id":858,"href":"https:\/\/www.ldanse.fr\/index.php?rest_route=\/wp\/v2\/pages\/854\/revisions\/858"}],"wp:attachment":[{"href":"https:\/\/www.ldanse.fr\/index.php?rest_route=%2Fwp%2Fv2%2Fmedia&parent=854"}],"curies":[{"name":"wp","href":"https:\/\/api.w.org\/{rel}","templated":true}]}}